{"id":31625,"date":"2026-03-27T09:01:36","date_gmt":"2026-03-27T19:01:36","guid":{"rendered":"https:\/\/tahiti-perle-online.com\/product\/set-of-100-multicoloured-baroque-circled-11mm-ab-beads\/"},"modified":"2026-03-27T09:01:36","modified_gmt":"2026-03-27T19:01:36","slug":"set-of-100-multicoloured-baroque-circled-11mm-ab-beads","status":"publish","type":"product","link":"https:\/\/tahiti-perle-online.com\/en\/product\/set-of-100-multicoloured-baroque-circled-11mm-ab-beads\/","title":{"rendered":"Set of 100 multicoloured baroque-circled 11mm AB beads"},"content":{"rendered":"\n<p>Lot of 100 circled baroque Tahitian pearls \u2013 11 mm \u2013 AB quality (AA+ GIA classification). Offered in subtle, varied shades, these pearls have been carefully selected from our latest harvest. They may have some slight surface imperfections, a natural characteristic of pearls, but each has been chosen for the richness of its color and the quality of its luster.<br\/>This lot is offered online for professionals; the price\/quality ratio is very competitive. The pearls can be drilled or half-drilled to a diameter between 0.9 mm and 1.5 mm.<br\/>A surcharge applies for diameters larger than 1.5 mm.<br\/>Please feel free to contact us for more details or to create a similar lot.<\/p>\n\n<p><\/p>\n","protected":false},"excerpt":{"rendered":"<p>Lot of 100 circled baroque Tahitian pearls \u2013 11 mm \u2013 AB quality (AA+ GIA classification).<br \/>\nOffered in subtle, varied shades, these pearls have been carefully selected from our latest harvest. They may have some slight surface imperfections, a natural characteristic of pearls, but each one has been chosen for its rich color and exceptional luster.<br \/>\nThis lot is offered online for professionals; the price-to-quality ratio is very competitive.<\/p>\n","protected":false},"featured_media":31500,"comment_status":"closed","ping_status":"closed","template":"","meta":{"_acf_changed":false},"product_brand":[],"product_cat":[7088,8039,7090],"product_tag":[],"class_list":{"0":"post-31625","1":"product","2":"type-product","3":"status-publish","4":"has-post-thumbnail","6":"product_cat-in-lots","7":"product_cat-perles-nues-en","8":"product_cat-wholesale","9":"pa_forme-baroqueandcircled-en","10":"pa_qualite-ab-en","11":"pa_tailledelaperle-11-en","13":"first","14":"instock","15":"shipping-taxable","16":"purchasable","17":"product-type-simple"},"acf":[],"yoast_head":"<!-- This site is optimized with the Yoast SEO plugin v25.7 - https:\/\/yoast.com\/wordpress\/plugins\/seo\/ -->\n<title>Set of 100 multicoloured baroque-circled 11mm AB beads - Tahiti Pearl Online<\/title>\n<meta name=\"description\" content=\"Lot de 100 perles de Tahiti baroques cercl\u00e9es,11 mm, qualit\u00e9 AB. Propos\u00e9es dans de subtiles nuances vari\u00e9es et s\u00e9lectionn\u00e9es dans notre derni\u00e8re r\u00e9colte.\" \/>\n<meta name=\"robots\" content=\"noindex, follow\" \/>\n<meta property=\"og:locale\" content=\"en_US\" \/>\n<meta property=\"og:type\" content=\"article\" \/>\n<meta property=\"og:title\" content=\"Set of 100 multicoloured baroque-circled 11mm AB beads - Tahiti Pearl Online\" \/>\n<meta property=\"og:description\" content=\"Lot de 100 perles de Tahiti baroques cercl\u00e9es,11 mm, qualit\u00e9 AB. Propos\u00e9es dans de subtiles nuances vari\u00e9es et s\u00e9lectionn\u00e9es dans notre derni\u00e8re r\u00e9colte.\" \/>\n<meta property=\"og:url\" content=\"https:\/\/tahiti-perle-online.com\/en\/product\/set-of-100-multicoloured-baroque-circled-11mm-ab-beads\/\" \/>\n<meta property=\"og:site_name\" content=\"Tahiti Pearl Online\" \/>\n<meta property=\"article:publisher\" content=\"https:\/\/www.facebook.com\/champonpearlfarm\/\" \/>\n<meta property=\"og:image\" content=\"https:\/\/tahiti-perle-online.com\/wp-content\/uploads\/2026\/02\/VG013_100CLBQ11AB1-scaled.jpg\" \/>\n\t<meta property=\"og:image:width\" content=\"2560\" \/>\n\t<meta property=\"og:image:height\" content=\"1777\" \/>\n\t<meta property=\"og:image:type\" content=\"image\/jpeg\" \/>\n<meta name=\"twitter:card\" content=\"summary_large_image\" \/>\n<meta name=\"twitter:label1\" content=\"Est. reading time\" \/>\n\t<meta name=\"twitter:data1\" content=\"1 minute\" \/>\n<script type=\"application\/ld+json\" class=\"yoast-schema-graph\">{\"@context\":\"https:\/\/schema.org\",\"@graph\":[{\"@type\":\"WebPage\",\"@id\":\"https:\/\/tahiti-perle-online.com\/en\/product\/set-of-100-multicoloured-baroque-circled-11mm-ab-beads\/\",\"url\":\"https:\/\/tahiti-perle-online.com\/en\/product\/set-of-100-multicoloured-baroque-circled-11mm-ab-beads\/\",\"name\":\"Set of 100 multicoloured baroque-circled 11mm AB beads - Tahiti Pearl Online\",\"isPartOf\":{\"@id\":\"https:\/\/tahiti-perle-online.com\/#website\"},\"primaryImageOfPage\":{\"@id\":\"https:\/\/tahiti-perle-online.com\/en\/product\/set-of-100-multicoloured-baroque-circled-11mm-ab-beads\/#primaryimage\"},\"image\":{\"@id\":\"https:\/\/tahiti-perle-online.com\/en\/product\/set-of-100-multicoloured-baroque-circled-11mm-ab-beads\/#primaryimage\"},\"thumbnailUrl\":\"https:\/\/tahiti-perle-online.com\/wp-content\/uploads\/2026\/02\/VG013_100CLBQ11AB1-scaled.jpg\",\"datePublished\":\"2026-03-27T19:01:36+00:00\",\"description\":\"Lot de 100 perles de Tahiti baroques cercl\u00e9es,11 mm, qualit\u00e9 AB. Propos\u00e9es dans de subtiles nuances vari\u00e9es et s\u00e9lectionn\u00e9es dans notre derni\u00e8re r\u00e9colte.\",\"breadcrumb\":{\"@id\":\"https:\/\/tahiti-perle-online.com\/en\/product\/set-of-100-multicoloured-baroque-circled-11mm-ab-beads\/#breadcrumb\"},\"inLanguage\":\"en-US\",\"potentialAction\":[{\"@type\":\"ReadAction\",\"target\":[\"https:\/\/tahiti-perle-online.com\/en\/product\/set-of-100-multicoloured-baroque-circled-11mm-ab-beads\/\"]}]},{\"@type\":\"ImageObject\",\"inLanguage\":\"en-US\",\"@id\":\"https:\/\/tahiti-perle-online.com\/en\/product\/set-of-100-multicoloured-baroque-circled-11mm-ab-beads\/#primaryimage\",\"url\":\"https:\/\/tahiti-perle-online.com\/wp-content\/uploads\/2026\/02\/VG013_100CLBQ11AB1-scaled.jpg\",\"contentUrl\":\"https:\/\/tahiti-perle-online.com\/wp-content\/uploads\/2026\/02\/VG013_100CLBQ11AB1-scaled.jpg\",\"width\":2560,\"height\":1777},{\"@type\":\"BreadcrumbList\",\"@id\":\"https:\/\/tahiti-perle-online.com\/en\/product\/set-of-100-multicoloured-baroque-circled-11mm-ab-beads\/#breadcrumb\",\"itemListElement\":[{\"@type\":\"ListItem\",\"position\":1,\"name\":\"Accueil\",\"item\":\"https:\/\/tahiti-perle-online.com\/\"},{\"@type\":\"ListItem\",\"position\":2,\"name\":\"La boutique\",\"item\":\"https:\/\/tahiti-perle-online.com\/boutique-3\/\"},{\"@type\":\"ListItem\",\"position\":3,\"name\":\"Set of 100 multicoloured baroque-circled 11mm AB beads\"}]},{\"@type\":\"WebSite\",\"@id\":\"https:\/\/tahiti-perle-online.com\/#website\",\"url\":\"https:\/\/tahiti-perle-online.com\/\",\"name\":\"Tahiti Pearl Online\",\"description\":\"www.tahiti-perle-online.com\",\"publisher\":{\"@id\":\"https:\/\/tahiti-perle-online.com\/#organization\"},\"potentialAction\":[{\"@type\":\"SearchAction\",\"target\":{\"@type\":\"EntryPoint\",\"urlTemplate\":\"https:\/\/tahiti-perle-online.com\/?s={search_term_string}\"},\"query-input\":{\"@type\":\"PropertyValueSpecification\",\"valueRequired\":true,\"valueName\":\"search_term_string\"}}],\"inLanguage\":\"en-US\"},{\"@type\":\"Organization\",\"@id\":\"https:\/\/tahiti-perle-online.com\/#organization\",\"name\":\"Tahiti Perle Online\",\"url\":\"https:\/\/tahiti-perle-online.com\/\",\"logo\":{\"@type\":\"ImageObject\",\"inLanguage\":\"en-US\",\"@id\":\"https:\/\/tahiti-perle-online.com\/#\/schema\/logo\/image\/\",\"url\":\"https:\/\/tahiti-perle-online.com\/wp-content\/uploads\/2022\/09\/cropped-Logo_ChamponPerles_colored.png\",\"contentUrl\":\"https:\/\/tahiti-perle-online.com\/wp-content\/uploads\/2022\/09\/cropped-Logo_ChamponPerles_colored.png\",\"width\":894,\"height\":205,\"caption\":\"Tahiti Perle Online\"},\"image\":{\"@id\":\"https:\/\/tahiti-perle-online.com\/#\/schema\/logo\/image\/\"},\"sameAs\":[\"https:\/\/www.facebook.com\/champonpearlfarm\/\"]}]}<\/script>\n<!-- \/ Yoast SEO plugin. -->","yoast_head_json":{"title":"Set of 100 multicoloured baroque-circled 11mm AB beads - Tahiti Pearl Online","description":"Lot de 100 perles de Tahiti baroques cercl\u00e9es,11 mm, qualit\u00e9 AB. Propos\u00e9es dans de subtiles nuances vari\u00e9es et s\u00e9lectionn\u00e9es dans notre derni\u00e8re r\u00e9colte.","robots":{"index":"noindex","follow":"follow"},"og_locale":"en_US","og_type":"article","og_title":"Set of 100 multicoloured baroque-circled 11mm AB beads - Tahiti Pearl Online","og_description":"Lot de 100 perles de Tahiti baroques cercl\u00e9es,11 mm, qualit\u00e9 AB. Propos\u00e9es dans de subtiles nuances vari\u00e9es et s\u00e9lectionn\u00e9es dans notre derni\u00e8re r\u00e9colte.","og_url":"https:\/\/tahiti-perle-online.com\/en\/product\/set-of-100-multicoloured-baroque-circled-11mm-ab-beads\/","og_site_name":"Tahiti Pearl Online","article_publisher":"https:\/\/www.facebook.com\/champonpearlfarm\/","og_image":[{"width":2560,"height":1777,"url":"https:\/\/tahiti-perle-online.com\/wp-content\/uploads\/2026\/02\/VG013_100CLBQ11AB1-scaled.jpg","type":"image\/jpeg"}],"twitter_card":"summary_large_image","twitter_misc":{"Est. reading time":"1 minute"},"schema":{"@context":"https:\/\/schema.org","@graph":[{"@type":"WebPage","@id":"https:\/\/tahiti-perle-online.com\/en\/product\/set-of-100-multicoloured-baroque-circled-11mm-ab-beads\/","url":"https:\/\/tahiti-perle-online.com\/en\/product\/set-of-100-multicoloured-baroque-circled-11mm-ab-beads\/","name":"Set of 100 multicoloured baroque-circled 11mm AB beads - Tahiti Pearl Online","isPartOf":{"@id":"https:\/\/tahiti-perle-online.com\/#website"},"primaryImageOfPage":{"@id":"https:\/\/tahiti-perle-online.com\/en\/product\/set-of-100-multicoloured-baroque-circled-11mm-ab-beads\/#primaryimage"},"image":{"@id":"https:\/\/tahiti-perle-online.com\/en\/product\/set-of-100-multicoloured-baroque-circled-11mm-ab-beads\/#primaryimage"},"thumbnailUrl":"https:\/\/tahiti-perle-online.com\/wp-content\/uploads\/2026\/02\/VG013_100CLBQ11AB1-scaled.jpg","datePublished":"2026-03-27T19:01:36+00:00","description":"Lot de 100 perles de Tahiti baroques cercl\u00e9es,11 mm, qualit\u00e9 AB. Propos\u00e9es dans de subtiles nuances vari\u00e9es et s\u00e9lectionn\u00e9es dans notre derni\u00e8re r\u00e9colte.","breadcrumb":{"@id":"https:\/\/tahiti-perle-online.com\/en\/product\/set-of-100-multicoloured-baroque-circled-11mm-ab-beads\/#breadcrumb"},"inLanguage":"en-US","potentialAction":[{"@type":"ReadAction","target":["https:\/\/tahiti-perle-online.com\/en\/product\/set-of-100-multicoloured-baroque-circled-11mm-ab-beads\/"]}]},{"@type":"ImageObject","inLanguage":"en-US","@id":"https:\/\/tahiti-perle-online.com\/en\/product\/set-of-100-multicoloured-baroque-circled-11mm-ab-beads\/#primaryimage","url":"https:\/\/tahiti-perle-online.com\/wp-content\/uploads\/2026\/02\/VG013_100CLBQ11AB1-scaled.jpg","contentUrl":"https:\/\/tahiti-perle-online.com\/wp-content\/uploads\/2026\/02\/VG013_100CLBQ11AB1-scaled.jpg","width":2560,"height":1777},{"@type":"BreadcrumbList","@id":"https:\/\/tahiti-perle-online.com\/en\/product\/set-of-100-multicoloured-baroque-circled-11mm-ab-beads\/#breadcrumb","itemListElement":[{"@type":"ListItem","position":1,"name":"Accueil","item":"https:\/\/tahiti-perle-online.com\/"},{"@type":"ListItem","position":2,"name":"La boutique","item":"https:\/\/tahiti-perle-online.com\/boutique-3\/"},{"@type":"ListItem","position":3,"name":"Set of 100 multicoloured baroque-circled 11mm AB beads"}]},{"@type":"WebSite","@id":"https:\/\/tahiti-perle-online.com\/#website","url":"https:\/\/tahiti-perle-online.com\/","name":"Tahiti Pearl Online","description":"www.tahiti-perle-online.com","publisher":{"@id":"https:\/\/tahiti-perle-online.com\/#organization"},"potentialAction":[{"@type":"SearchAction","target":{"@type":"EntryPoint","urlTemplate":"https:\/\/tahiti-perle-online.com\/?s={search_term_string}"},"query-input":{"@type":"PropertyValueSpecification","valueRequired":true,"valueName":"search_term_string"}}],"inLanguage":"en-US"},{"@type":"Organization","@id":"https:\/\/tahiti-perle-online.com\/#organization","name":"Tahiti Perle Online","url":"https:\/\/tahiti-perle-online.com\/","logo":{"@type":"ImageObject","inLanguage":"en-US","@id":"https:\/\/tahiti-perle-online.com\/#\/schema\/logo\/image\/","url":"https:\/\/tahiti-perle-online.com\/wp-content\/uploads\/2022\/09\/cropped-Logo_ChamponPerles_colored.png","contentUrl":"https:\/\/tahiti-perle-online.com\/wp-content\/uploads\/2022\/09\/cropped-Logo_ChamponPerles_colored.png","width":894,"height":205,"caption":"Tahiti Perle Online"},"image":{"@id":"https:\/\/tahiti-perle-online.com\/#\/schema\/logo\/image\/"},"sameAs":["https:\/\/www.facebook.com\/champonpearlfarm\/"]}]}},"_links":{"self":[{"href":"https:\/\/tahiti-perle-online.com\/en\/wp-json\/wp\/v2\/product\/31625","targetHints":{"allow":["GET"]}}],"collection":[{"href":"https:\/\/tahiti-perle-online.com\/en\/wp-json\/wp\/v2\/product"}],"about":[{"href":"https:\/\/tahiti-perle-online.com\/en\/wp-json\/wp\/v2\/types\/product"}],"replies":[{"embeddable":true,"href":"https:\/\/tahiti-perle-online.com\/en\/wp-json\/wp\/v2\/comments?post=31625"}],"wp:featuredmedia":[{"embeddable":true,"href":"https:\/\/tahiti-perle-online.com\/en\/wp-json\/wp\/v2\/media\/31500"}],"wp:attachment":[{"href":"https:\/\/tahiti-perle-online.com\/en\/wp-json\/wp\/v2\/media?parent=31625"}],"wp:term":[{"taxonomy":"product_brand","embeddable":true,"href":"https:\/\/tahiti-perle-online.com\/en\/wp-json\/wp\/v2\/product_brand?post=31625"},{"taxonomy":"product_cat","embeddable":true,"href":"https:\/\/tahiti-perle-online.com\/en\/wp-json\/wp\/v2\/product_cat?post=31625"},{"taxonomy":"product_tag","embeddable":true,"href":"https:\/\/tahiti-perle-online.com\/en\/wp-json\/wp\/v2\/product_tag?post=31625"}],"curies":[{"name":"wp","href":"https:\/\/api.w.org\/{rel}","templated":true}]}}